{"id":2994,"date":"2021-03-23T12:08:07","date_gmt":"2021-03-23T09:08:07","guid":{"rendered":"https:\/\/www.bluetrans.com.tr\/deniz-kargo\/"},"modified":"2021-03-25T16:37:14","modified_gmt":"2021-03-25T13:37:14","slug":"sea-cargo","status":"publish","type":"page","link":"https:\/\/www.bluetrans.com.tr\/en\/sea-cargo\/","title":{"rendered":"Sea Cargo"},"content":{"rendered":"","protected":false},"excerpt":{"rendered":"","protected":false},"author":1,"featured_media":0,"parent":0,"menu_order":0,"comment_status":"closed","ping_status":"closed","template":"","meta":[],"yoast_head":"<!-- This site is optimized with the Yoast SEO plugin v18.0 - https:\/\/yoast.com\/wordpress\/plugins\/seo\/ -->\n<title>Sea Cargo - Uluslararas\u0131 Kargo Ta\u015f\u0131mac\u0131l\u0131k | Hava | Kargo ve Deniz Ta\u015f\u0131mac\u0131l\u0131\u011f\u0131<\/title>\n<meta name=\"robots\" content=\"index, follow, max-snippet:-1, max-image-preview:large, max-video-preview:-1\" \/>\n<link rel=\"canonical\" href=\"https:\/\/www.bluetrans.com.tr\/en\/sea-cargo\/\" \/>\n<meta property=\"og:locale\" content=\"en_US\" \/>\n<meta property=\"og:type\" content=\"article\" \/>\n<meta property=\"og:title\" content=\"Sea Cargo - Uluslararas\u0131 Kargo Ta\u015f\u0131mac\u0131l\u0131k | Hava | Kargo ve Deniz Ta\u015f\u0131mac\u0131l\u0131\u011f\u0131\" \/>\n<meta property=\"og:url\" content=\"https:\/\/www.bluetrans.com.tr\/en\/sea-cargo\/\" \/>\n<meta property=\"og:site_name\" content=\"Uluslararas\u0131 Kargo Ta\u015f\u0131mac\u0131l\u0131k | Hava | Kargo ve Deniz Ta\u015f\u0131mac\u0131l\u0131\u011f\u0131\" \/>\n<meta property=\"article:modified_time\" content=\"2021-03-25T13:37:14+00:00\" \/>\n<meta name=\"twitter:card\" content=\"summary_large_image\" \/>\n<script type=\"application\/ld+json\" class=\"yoast-schema-graph\">{\"@context\":\"https:\/\/schema.org\",\"@graph\":[{\"@type\":\"WebSite\",\"@id\":\"https:\/\/www.bluetrans.com.tr\/#website\",\"url\":\"https:\/\/www.bluetrans.com.tr\/\",\"name\":\"Uluslararas\u0131 Kargo Ta\u015f\u0131mac\u0131l\u0131k | Hava | Kargo ve Deniz Ta\u015f\u0131mac\u0131l\u0131\u011f\u0131\",\"description\":\"BLUETRANS, D\u00fcnya\u2019n\u0131n her yerine h\u0131zl\u0131 ve g\u00fcvenilir \u015fekilde hava , deniz kargo ta\u015f\u0131mac\u0131l\u0131\u011f\u0131 yapmaktad\u0131r.\",\"potentialAction\":[{\"@type\":\"SearchAction\",\"target\":{\"@type\":\"EntryPoint\",\"urlTemplate\":\"https:\/\/www.bluetrans.com.tr\/?s={search_term_string}\"},\"query-input\":\"required name=search_term_string\"}],\"inLanguage\":\"en-US\"},{\"@type\":\"WebPage\",\"@id\":\"https:\/\/www.bluetrans.com.tr\/en\/sea-cargo\/#webpage\",\"url\":\"https:\/\/www.bluetrans.com.tr\/en\/sea-cargo\/\",\"name\":\"Sea Cargo - Uluslararas\u0131 Kargo Ta\u015f\u0131mac\u0131l\u0131k | Hava | Kargo ve Deniz Ta\u015f\u0131mac\u0131l\u0131\u011f\u0131\",\"isPartOf\":{\"@id\":\"https:\/\/www.bluetrans.com.tr\/#website\"},\"datePublished\":\"2021-03-23T09:08:07+00:00\",\"dateModified\":\"2021-03-25T13:37:14+00:00\",\"breadcrumb\":{\"@id\":\"https:\/\/www.bluetrans.com.tr\/en\/sea-cargo\/#breadcrumb\"},\"inLanguage\":\"en-US\",\"potentialAction\":[{\"@type\":\"ReadAction\",\"target\":[\"https:\/\/www.bluetrans.com.tr\/en\/sea-cargo\/\"]}]},{\"@type\":\"BreadcrumbList\",\"@id\":\"https:\/\/www.bluetrans.com.tr\/en\/sea-cargo\/#breadcrumb\",\"itemListElement\":[{\"@type\":\"ListItem\",\"position\":1,\"name\":\"Anasayfa\",\"item\":\"https:\/\/www.bluetrans.com.tr\/en\/\"},{\"@type\":\"ListItem\",\"position\":2,\"name\":\"Sea Cargo\"}]}]}<\/script>\n<!-- \/ Yoast SEO plugin. -->","yoast_head_json":{"title":"Sea Cargo - Uluslararas\u0131 Kargo Ta\u015f\u0131mac\u0131l\u0131k | Hava | Kargo ve Deniz Ta\u015f\u0131mac\u0131l\u0131\u011f\u0131","robots":{"index":"index","follow":"follow","max-snippet":"max-snippet:-1","max-image-preview":"max-image-preview:large","max-video-preview":"max-video-preview:-1"},"canonical":"https:\/\/www.bluetrans.com.tr\/en\/sea-cargo\/","og_locale":"en_US","og_type":"article","og_title":"Sea Cargo - Uluslararas\u0131 Kargo Ta\u015f\u0131mac\u0131l\u0131k | Hava | Kargo ve Deniz Ta\u015f\u0131mac\u0131l\u0131\u011f\u0131","og_url":"https:\/\/www.bluetrans.com.tr\/en\/sea-cargo\/","og_site_name":"Uluslararas\u0131 Kargo Ta\u015f\u0131mac\u0131l\u0131k | Hava | Kargo ve Deniz Ta\u015f\u0131mac\u0131l\u0131\u011f\u0131","article_modified_time":"2021-03-25T13:37:14+00:00","twitter_card":"summary_large_image","schema":{"@context":"https:\/\/schema.org","@graph":[{"@type":"WebSite","@id":"https:\/\/www.bluetrans.com.tr\/#website","url":"https:\/\/www.bluetrans.com.tr\/","name":"Uluslararas\u0131 Kargo Ta\u015f\u0131mac\u0131l\u0131k | Hava | Kargo ve Deniz Ta\u015f\u0131mac\u0131l\u0131\u011f\u0131","description":"BLUETRANS, D\u00fcnya\u2019n\u0131n her yerine h\u0131zl\u0131 ve g\u00fcvenilir \u015fekilde hava , deniz kargo ta\u015f\u0131mac\u0131l\u0131\u011f\u0131 yapmaktad\u0131r.","potentialAction":[{"@type":"SearchAction","target":{"@type":"EntryPoint","urlTemplate":"https:\/\/www.bluetrans.com.tr\/?s={search_term_string}"},"query-input":"required name=search_term_string"}],"inLanguage":"en-US"},{"@type":"WebPage","@id":"https:\/\/www.bluetrans.com.tr\/en\/sea-cargo\/#webpage","url":"https:\/\/www.bluetrans.com.tr\/en\/sea-cargo\/","name":"Sea Cargo - Uluslararas\u0131 Kargo Ta\u015f\u0131mac\u0131l\u0131k | Hava | Kargo ve Deniz Ta\u015f\u0131mac\u0131l\u0131\u011f\u0131","isPartOf":{"@id":"https:\/\/www.bluetrans.com.tr\/#website"},"datePublished":"2021-03-23T09:08:07+00:00","dateModified":"2021-03-25T13:37:14+00:00","breadcrumb":{"@id":"https:\/\/www.bluetrans.com.tr\/en\/sea-cargo\/#breadcrumb"},"inLanguage":"en-US","potentialAction":[{"@type":"ReadAction","target":["https:\/\/www.bluetrans.com.tr\/en\/sea-cargo\/"]}]},{"@type":"BreadcrumbList","@id":"https:\/\/www.bluetrans.com.tr\/en\/sea-cargo\/#breadcrumb","itemListElement":[{"@type":"ListItem","position":1,"name":"Anasayfa","item":"https:\/\/www.bluetrans.com.tr\/en\/"},{"@type":"ListItem","position":2,"name":"Sea Cargo"}]}]}},"_links":{"self":[{"href":"https:\/\/www.bluetrans.com.tr\/en\/wp-json\/wp\/v2\/pages\/2994"}],"collection":[{"href":"https:\/\/www.bluetrans.com.tr\/en\/wp-json\/wp\/v2\/pages"}],"about":[{"href":"https:\/\/www.bluetrans.com.tr\/en\/wp-json\/wp\/v2\/types\/page"}],"author":[{"embeddable":true,"href":"https:\/\/www.bluetrans.com.tr\/en\/wp-json\/wp\/v2\/users\/1"}],"replies":[{"embeddable":true,"href":"https:\/\/www.bluetrans.com.tr\/en\/wp-json\/wp\/v2\/comments?post=2994"}],"version-history":[{"count":3,"href":"https:\/\/www.bluetrans.com.tr\/en\/wp-json\/wp\/v2\/pages\/2994\/revisions"}],"predecessor-version":[{"id":3023,"href":"https:\/\/www.bluetrans.com.tr\/en\/wp-json\/wp\/v2\/pages\/2994\/revisions\/3023"}],"wp:attachment":[{"href":"https:\/\/www.bluetrans.com.tr\/en\/wp-json\/wp\/v2\/media?parent=2994"}],"curies":[{"name":"wp","href":"https:\/\/api.w.org\/{rel}","templated":true}]}}